{"id":13,"date":"2022-12-22T12:22:30","date_gmt":"2022-12-22T12:22:30","guid":{"rendered":"https:\/\/podwojneskrzydla.org\/?page_id=13"},"modified":"2023-01-16T13:49:42","modified_gmt":"2023-01-16T13:49:42","slug":"o-nas","status":"publish","type":"page","link":"https:\/\/podwojneskrzydla.org\/index.php\/o-nas\/","title":{"rendered":"O nas"},"content":{"rendered":"\n<p>Jeste\u015bmy stowarzyszeniem, kt\u00f3re za g\u0142\u00f3wne cele stawia sobie budowanie spo\u0142eczno\u015bci lokalnych, integrowanie r\u00f3\u017cnorodnych \u015brodowisk i edukacj\u0119 obywatelsk\u0105.<\/p>\n\n\n\n<p><a href=\"https:\/\/podwojneskrzydla.org\/index.php\/witajcie\/\" data-type=\"page\" data-id=\"9\">Jaka jest nasza historia?<\/a><\/p>\n\n\n\n<p>Nasz zarz\u0105d tworz\u0105:<br><a href=\"https:\/\/podwojneskrzydla.org\/index.php\/joanna-skibinska\/\" data-type=\"page\" data-id=\"15\">Joanna Skibi\u0144ska<\/a> &#8211; humanistka z wykszta\u0142cenia, artystka z powo\u0142ania<br><a href=\"https:\/\/podwojneskrzydla.org\/index.php\/pawel-zeitz\/\" data-type=\"page\" data-id=\"20\">Pawe\u0142 Zeitz<\/a> &#8211; tw\u00f3rca format\u00f3w i widowisk telewizyjnych<\/p>\n\n\n\n<p>Je\u017celi chcieliby\u015bcie do nas do\u0142\u0105czy\u0107 na pewno warto przeczyta\u0107<br><a href=\"https:\/\/podwojneskrzydla.org\/index.php\/statut\/\" data-type=\"page\" data-id=\"18\">Nasz Statut<\/a>, w kt\u00f3rym znajdziecie te\u017c informacje czym si\u0119 zajmujemy.<\/p>\n\n\n\n<p>Je\u017celi chcesz wiedzie\u0107 jakie projekty realizujemy to zajrzy\u0107 do zak\u0142adki <a href=\"https:\/\/podwojneskrzydla.org\/index.php\/nasze-projekty\/\" data-type=\"page\" data-id=\"42\">Nasze Projekty<\/a><\/p>\n\n\n\n<p>Je\u015bli zainteresowa\u0142o Ciebie to co robimy zapraszamy do <a href=\"https:\/\/podwojneskrzydla.org\/index.php\/kontakt\/\" data-type=\"page\" data-id=\"26\">Kontaku<\/a>.<br><br>Mi\u0142o, \u017ce nas odwiedzili\u015bcie<br><br>Do zobaczenia<\/p>\n","protected":false},"excerpt":{"rendered":"<p>Jeste\u015bmy stowarzyszeniem, kt\u00f3re za g\u0142\u00f3wne cele stawia sobie budowanie spo\u0142eczno\u015bci lokalnych, integrowanie r\u00f3\u017cnorodnych \u015brodowisk i edukacj\u0119 obywatelsk\u0105. Jaka jest nasza historia? Nasz zarz\u0105d tworz\u0105:Joanna Skibi\u0144ska &#8211; humanistka z wykszta\u0142cenia, artystka z powo\u0142aniaPawe\u0142 Zeitz &#8211; tw\u00f3rca format\u00f3w i widowisk telewizyjnych Je\u017celi chcieliby\u015bcie do nas do\u0142\u0105czy\u0107 na pewno warto przeczyta\u0107Nasz Statut, w kt\u00f3rym znajdziecie te\u017c informacje czym [&hellip;]<\/p>\n","protected":false},"author":1,"featured_media":0,"parent":0,"menu_order":0,"comment_status":"closed","ping_status":"closed","template":"","meta":{"footnotes":""},"class_list":["post-13","page","type-page","status-publish","hentry"],"_links":{"self":[{"href":"https:\/\/podwojneskrzydla.org\/index.php\/wp-json\/wp\/v2\/pages\/13","targetHints":{"allow":["GET"]}}],"collection":[{"href":"https:\/\/podwojneskrzydla.org\/index.php\/wp-json\/wp\/v2\/pages"}],"about":[{"href":"https:\/\/podwojneskrzydla.org\/index.php\/wp-json\/wp\/v2\/types\/page"}],"author":[{"embeddable":true,"href":"https:\/\/podwojneskrzydla.org\/index.php\/wp-json\/wp\/v2\/users\/1"}],"replies":[{"embeddable":true,"href":"https:\/\/podwojneskrzydla.org\/index.php\/wp-json\/wp\/v2\/comments?post=13"}],"version-history":[{"count":6,"href":"https:\/\/podwojneskrzydla.org\/index.php\/wp-json\/wp\/v2\/pages\/13\/revisions"}],"predecessor-version":[{"id":57,"href":"https:\/\/podwojneskrzydla.org\/index.php\/wp-json\/wp\/v2\/pages\/13\/revisions\/57"}],"wp:attachment":[{"href":"https:\/\/podwojneskrzydla.org\/index.php\/wp-json\/wp\/v2\/media?parent=13"}],"curies":[{"name":"wp","href":"https:\/\/api.w.org\/{rel}","templated":true}]}}