{"id":15,"date":"2022-12-22T12:26:55","date_gmt":"2022-12-22T12:26:55","guid":{"rendered":"https:\/\/podwojneskrzydla.org\/?page_id=15"},"modified":"2022-12-22T12:55:44","modified_gmt":"2022-12-22T12:55:44","slug":"joanna-skibinska","status":"publish","type":"page","link":"https:\/\/podwojneskrzydla.org\/index.php\/o-nas\/joanna-skibinska\/","title":{"rendered":"Joanna Skibi\u0144ska"},"content":{"rendered":"\n<p>Joanna Skibi\u0144ska &#8211; z wykszta\u0142cenia kulturoznawca, studia podyplomowe na kierunku <em>Nowe media w instytucjach kultury<\/em>.<\/p>\n\n\n\n<p>Stworzy\u0142a miejsce aktywno\u015bci lokalnej oraz galeri\u0119 sztuki na ul. \u015arodkowej 14 na warszawskiej Pradze, gdzie gromadzone s\u0105 artefakty zwi\u0105zane z Maryjkami, a tak\u017ce prezentowane obrazy i figurki artystki inspirowane postaci\u0105 Maryki. Poza w\u0142asnymi wystawami (m.in. Mediateka Start-Meta \/ Warszawa Bielany) i prezentacjami (m.in. Galeria Desa), by\u0142a kuratork\u0105 wystaw os\u00f3b z<br>niepe\u0142nosprawno\u015bciami intelektualnymi kt\u00f3re by\u0142y prezentowane Galerii &#8222;Ksiuty w \u015arodku&#8221;.<\/p>\n\n\n\n<p>Miejsce to sta\u0142o si\u0119 r\u00f3wnie\u017c miejscem integracji lokalnej spo\u0142eczno\u015bci oraz spotka\u0144 z artystami i osobami z niepe\u0142nosprawno\u015bci\u0105 intelektualn\u0105.<\/p>\n\n\n\n<p>Jako wieletnia pracowniczka sektora bankowego posiada r\u00f3wnocze\u015bnie wybitne umiej\u0119tno\u015bci zarz\u0105dzania ryzykiem.<\/p>\n","protected":false},"excerpt":{"rendered":"<p>Joanna Skibi\u0144ska &#8211; z wykszta\u0142cenia kulturoznawca, studia podyplomowe na kierunku Nowe media w instytucjach kultury. Stworzy\u0142a miejsce aktywno\u015bci lokalnej oraz galeri\u0119 sztuki na ul. \u015arodkowej 14 na warszawskiej Pradze, gdzie gromadzone s\u0105 artefakty zwi\u0105zane z Maryjkami, a tak\u017ce prezentowane obrazy i figurki artystki inspirowane postaci\u0105 Maryki. Poza w\u0142asnymi wystawami (m.in. Mediateka Start-Meta \/ Warszawa Bielany) [&hellip;]<\/p>\n","protected":false},"author":1,"featured_media":0,"parent":13,"menu_order":2,"comment_status":"closed","ping_status":"closed","template":"","meta":{"footnotes":""},"class_list":["post-15","page","type-page","status-publish","hentry"],"_links":{"self":[{"href":"https:\/\/podwojneskrzydla.org\/index.php\/wp-json\/wp\/v2\/pages\/15","targetHints":{"allow":["GET"]}}],"collection":[{"href":"https:\/\/podwojneskrzydla.org\/index.php\/wp-json\/wp\/v2\/pages"}],"about":[{"href":"https:\/\/podwojneskrzydla.org\/index.php\/wp-json\/wp\/v2\/types\/page"}],"author":[{"embeddable":true,"href":"https:\/\/podwojneskrzydla.org\/index.php\/wp-json\/wp\/v2\/users\/1"}],"replies":[{"embeddable":true,"href":"https:\/\/podwojneskrzydla.org\/index.php\/wp-json\/wp\/v2\/comments?post=15"}],"version-history":[{"count":3,"href":"https:\/\/podwojneskrzydla.org\/index.php\/wp-json\/wp\/v2\/pages\/15\/revisions"}],"predecessor-version":[{"id":23,"href":"https:\/\/podwojneskrzydla.org\/index.php\/wp-json\/wp\/v2\/pages\/15\/revisions\/23"}],"up":[{"embeddable":true,"href":"https:\/\/podwojneskrzydla.org\/index.php\/wp-json\/wp\/v2\/pages\/13"}],"wp:attachment":[{"href":"https:\/\/podwojneskrzydla.org\/index.php\/wp-json\/wp\/v2\/media?parent=15"}],"curies":[{"name":"wp","href":"https:\/\/api.w.org\/{rel}","templated":true}]}}