{"id":45,"date":"2023-01-16T10:38:04","date_gmt":"2023-01-16T10:38:04","guid":{"rendered":"https:\/\/podwojneskrzydla.org\/?page_id=45"},"modified":"2023-01-16T10:38:04","modified_gmt":"2023-01-16T10:38:04","slug":"maryjka-w-srodku","status":"publish","type":"page","link":"https:\/\/podwojneskrzydla.org\/index.php\/nasze-projekty\/maryjka-w-srodku\/","title":{"rendered":"Maryjka w \u015arodku"},"content":{"rendered":"\n<p><strong>Maryjka w \u015arodku &#8211; projekt integracyjno-edukacyjny<\/strong><\/p>\n\n\n\n<p>Poprzez cykl dzia\u0142a\u0144 edukacyjnych realizowanych w formie warsztat\u00f3w artystycznych przybli\u017cymy uczestnikom historie praskich kapliczek. <\/p>\n\n\n\n<p>W Projekt zaanga\u017cowani b\u0119d\u0105 rdzenni mieszka\u0144cy Nowej Pragi, \u015brodowiska arystystyczne dzia\u0142aj\u0105ce lokalnie, tw\u00f3rcy inspiruj\u0105cych si\u0119 postaci\u0105 Maryjki oraz osoby z niepe\u0142nosprawno\u015bci\u0105 intelektualn\u0105.<\/p>\n\n\n\n<p>W pierwszym etapie Projektu na podstawie przygotowanej mapy istniej\u0105cych kapliczek dokonamy dokumentacji faktograficznej, zdj\u0119ciowej i filmowej istniej\u0105cych kapliczek.<\/p>\n\n\n\n<p>Towarzyszy\u0107 temu b\u0119d\u0105 wywiady z osobami opiekuj\u0105cymi si\u0119 dokumentowanymi miejscami oraz znaj\u0105cymi ich histori\u0119.<\/p>\n\n\n\n<p>W drugim etapie zaprosimy mieszka\u0144c\u00f3w, artyst\u00f3w oraz uczestnik\u00f3w WTZ z Pragii do stworzenia nowych artystycznych kapliczek, kt\u00f3re powstan\u0105 w wybranych lokalizacjach.<\/p>\n\n\n\n<p>Zako\u0144czeniem Projektu b\u0119dzie Oficjalna Prezentacja wraz z wernisa\u017cami innych prac w kilkudziesi\u0119ciu miejscach Nowej Pragi.<\/p>\n","protected":false},"excerpt":{"rendered":"<p>Maryjka w \u015arodku &#8211; projekt integracyjno-edukacyjny Poprzez cykl dzia\u0142a\u0144 edukacyjnych realizowanych w formie warsztat\u00f3w artystycznych przybli\u017cymy uczestnikom historie praskich kapliczek. W Projekt zaanga\u017cowani b\u0119d\u0105 rdzenni mieszka\u0144cy Nowej Pragi, \u015brodowiska arystystyczne dzia\u0142aj\u0105ce lokalnie, tw\u00f3rcy inspiruj\u0105cych si\u0119 postaci\u0105 Maryjki oraz osoby z niepe\u0142nosprawno\u015bci\u0105 intelektualn\u0105. W pierwszym etapie Projektu na podstawie przygotowanej mapy istniej\u0105cych kapliczek dokonamy dokumentacji faktograficznej, [&hellip;]<\/p>\n","protected":false},"author":1,"featured_media":0,"parent":42,"menu_order":0,"comment_status":"closed","ping_status":"closed","template":"","meta":{"footnotes":""},"class_list":["post-45","page","type-page","status-publish","hentry"],"_links":{"self":[{"href":"https:\/\/podwojneskrzydla.org\/index.php\/wp-json\/wp\/v2\/pages\/45","targetHints":{"allow":["GET"]}}],"collection":[{"href":"https:\/\/podwojneskrzydla.org\/index.php\/wp-json\/wp\/v2\/pages"}],"about":[{"href":"https:\/\/podwojneskrzydla.org\/index.php\/wp-json\/wp\/v2\/types\/page"}],"author":[{"embeddable":true,"href":"https:\/\/podwojneskrzydla.org\/index.php\/wp-json\/wp\/v2\/users\/1"}],"replies":[{"embeddable":true,"href":"https:\/\/podwojneskrzydla.org\/index.php\/wp-json\/wp\/v2\/comments?post=45"}],"version-history":[{"count":1,"href":"https:\/\/podwojneskrzydla.org\/index.php\/wp-json\/wp\/v2\/pages\/45\/revisions"}],"predecessor-version":[{"id":46,"href":"https:\/\/podwojneskrzydla.org\/index.php\/wp-json\/wp\/v2\/pages\/45\/revisions\/46"}],"up":[{"embeddable":true,"href":"https:\/\/podwojneskrzydla.org\/index.php\/wp-json\/wp\/v2\/pages\/42"}],"wp:attachment":[{"href":"https:\/\/podwojneskrzydla.org\/index.php\/wp-json\/wp\/v2\/media?parent=45"}],"curies":[{"name":"wp","href":"https:\/\/api.w.org\/{rel}","templated":true}]}}