{"id":48,"date":"2023-01-16T13:05:50","date_gmt":"2023-01-16T13:05:50","guid":{"rendered":"https:\/\/podwojneskrzydla.org\/?page_id=48"},"modified":"2023-01-16T13:06:25","modified_gmt":"2023-01-16T13:06:25","slug":"wtvm","status":"publish","type":"page","link":"https:\/\/podwojneskrzydla.org\/index.php\/nasze-projekty\/wtvm\/","title":{"rendered":"WTvM"},"content":{"rendered":"\n<p>W Projekcie WTvM b\u0119dziemy wykorzystywa\u0107 do\u015bwiadczenie zdobyte przy realizacji nominowanego do Warszawskiej Nagrody Kulturalnej projektu BTvM oraz wiedz\u0119 agencji public relations IQArt\/Neon w zakresie promocji wykonawc\u00f3w i projekt\u00f3w w mediach spo\u0142eczno\u015bciowych.<\/p>\n\n\n\n<p>W ramach dotychczasowych przygotowa\u0144 do uruchomienia przedsi\u0119wzi\u0119cia nawi\u0105zali\u015bmy wsp\u00f3\u0142prac\u0119 z ATM Studio, Wy\u017csz\u0105 Warszawsk\u0105 Szko\u0142\u0105 Humanistyczn\u0105, Spo\u0142eczn\u0105 Akademi\u0105 Nauk oraz Wolskim O\u015brodkiem Kultury.<\/p>\n\n\n\n<p><strong>Projekt WTvM zak\u0142ada prowadzenie sta\u0142ych, cyklicznych warsztat\u00f3w edukacyjnych w ramach kt\u00f3rych doros\u0142e m\u0142ode osoby, studiuj\u0105ce lub rozpoczynaj\u0105ce prac\u0119, b\u0119d\u0105 uczy\u0107 si\u0119 wykorzystania nowoczesnych medi\u00f3w spo\u0142eczno\u015bciowych do tworzenia warto\u015bciowych tre\u015bci dotycz\u0105cych wydarze\u0144 i problem\u00f3w lokalnych.<\/strong><\/p>\n","protected":false},"excerpt":{"rendered":"<p>W Projekcie WTvM b\u0119dziemy wykorzystywa\u0107 do\u015bwiadczenie zdobyte przy realizacji nominowanego do Warszawskiej Nagrody Kulturalnej projektu BTvM oraz wiedz\u0119 agencji public relations IQArt\/Neon w zakresie promocji wykonawc\u00f3w i projekt\u00f3w w mediach spo\u0142eczno\u015bciowych. W ramach dotychczasowych przygotowa\u0144 do uruchomienia przedsi\u0119wzi\u0119cia nawi\u0105zali\u015bmy wsp\u00f3\u0142prac\u0119 z ATM Studio, Wy\u017csz\u0105 Warszawsk\u0105 Szko\u0142\u0105 Humanistyczn\u0105, Spo\u0142eczn\u0105 Akademi\u0105 Nauk oraz Wolskim O\u015brodkiem Kultury. Projekt [&hellip;]<\/p>\n","protected":false},"author":1,"featured_media":0,"parent":42,"menu_order":1,"comment_status":"closed","ping_status":"closed","template":"","meta":{"footnotes":""},"class_list":["post-48","page","type-page","status-publish","hentry"],"_links":{"self":[{"href":"https:\/\/podwojneskrzydla.org\/index.php\/wp-json\/wp\/v2\/pages\/48","targetHints":{"allow":["GET"]}}],"collection":[{"href":"https:\/\/podwojneskrzydla.org\/index.php\/wp-json\/wp\/v2\/pages"}],"about":[{"href":"https:\/\/podwojneskrzydla.org\/index.php\/wp-json\/wp\/v2\/types\/page"}],"author":[{"embeddable":true,"href":"https:\/\/podwojneskrzydla.org\/index.php\/wp-json\/wp\/v2\/users\/1"}],"replies":[{"embeddable":true,"href":"https:\/\/podwojneskrzydla.org\/index.php\/wp-json\/wp\/v2\/comments?post=48"}],"version-history":[{"count":1,"href":"https:\/\/podwojneskrzydla.org\/index.php\/wp-json\/wp\/v2\/pages\/48\/revisions"}],"predecessor-version":[{"id":49,"href":"https:\/\/podwojneskrzydla.org\/index.php\/wp-json\/wp\/v2\/pages\/48\/revisions\/49"}],"up":[{"embeddable":true,"href":"https:\/\/podwojneskrzydla.org\/index.php\/wp-json\/wp\/v2\/pages\/42"}],"wp:attachment":[{"href":"https:\/\/podwojneskrzydla.org\/index.php\/wp-json\/wp\/v2\/media?parent=48"}],"curies":[{"name":"wp","href":"https:\/\/api.w.org\/{rel}","templated":true}]}}