{"id":51,"date":"2023-01-16T13:14:10","date_gmt":"2023-01-16T13:14:10","guid":{"rendered":"https:\/\/podwojneskrzydla.org\/?page_id=51"},"modified":"2023-01-16T13:14:10","modified_gmt":"2023-01-16T13:14:10","slug":"ksiuty-w-srodku","status":"publish","type":"page","link":"https:\/\/podwojneskrzydla.org\/index.php\/nasze-projekty\/ksiuty-w-srodku\/","title":{"rendered":"Ksiuty w \u015brodku"},"content":{"rendered":"\n<p>KSIUTY czyli w gwarze warszawskiej Pragi \u2013 PLOTKI.<\/p>\n\n\n\n<p>W jednej z ostatnich enklaw Warszawy, gdzie zachowano jeszcze jej specyficzny klimat, kt\u00f3ry pami\u0119tamy z dzieci\u0144stwa.<\/p>\n\n\n\n<p>Na Pradze P\u00f3\u0142noc w okolicach ulic Stalowa, Szwedzka i 11 Listopada \u2013 w historycznym centrum Nowej Pragi \u2013 NA ULICY \u015aRODKOWEJ powsta\u0142o MIEJSCE SPOTKA\u0143 \u2013 gdzie historia i tradycja warszawskich ulic spotyka ze sztuk\u0105 i poszukiwaniem swojej to\u017csamo\u015bci.<\/p>\n\n\n\n<p>Dla nas Praga ma ogromne znaczenie.<\/p>\n\n\n\n<p>A tym co \u0142\u0105czy nasze wspomnienia z dzieci\u0144stwa z tera\u017aniejszo\u015bci\u0105, s\u0105 zabytkowe praskie kamienice, z ukrytymi w nich kapliczkami z MARYJKAMI.<\/p>\n\n\n\n<p>Niekt\u00f3rych kamienic i kapliczek ju\u017c nie ma, zosta\u0142y ju\u017c tylko w tych w\u0142a\u015bnie wspomnieniach.<\/p>\n\n\n\n<p>#MARYJKAZE\u015aRODKOWEJ b\u0119dzie kultywowa\u0107 i pokazywa\u0107 \u015bwiatu unikaln\u0105 tradycj\u0119 jakimi s\u0105 praskie kapliczki.<\/p>\n\n\n\n<p>Z wizyty w KsiutyW\u015arodku poza wspomnieniem mi\u0142ej rozmowy i smaku zio\u0142owej herbaty, b\u0119dziecie mogli zabra\u0107 ze sob\u0105 dzie\u0142a sztuki, r\u0119kodzie\u0142o i pere\u0142ki mody Vintage.<\/p>\n\n\n\n<p>Wszystko to z magicznym przekazem tego szczeg\u00f3lnego miejsca.<\/p>\n","protected":false},"excerpt":{"rendered":"<p>KSIUTY czyli w gwarze warszawskiej Pragi \u2013 PLOTKI. W jednej z ostatnich enklaw Warszawy, gdzie zachowano jeszcze jej specyficzny klimat, kt\u00f3ry pami\u0119tamy z dzieci\u0144stwa. Na Pradze P\u00f3\u0142noc w okolicach ulic Stalowa, Szwedzka i 11 Listopada \u2013 w historycznym centrum Nowej Pragi \u2013 NA ULICY \u015aRODKOWEJ powsta\u0142o MIEJSCE SPOTKA\u0143 \u2013 gdzie historia i tradycja warszawskich ulic [&hellip;]<\/p>\n","protected":false},"author":1,"featured_media":0,"parent":42,"menu_order":2,"comment_status":"closed","ping_status":"closed","template":"","meta":{"footnotes":""},"class_list":["post-51","page","type-page","status-publish","hentry"],"_links":{"self":[{"href":"https:\/\/podwojneskrzydla.org\/index.php\/wp-json\/wp\/v2\/pages\/51","targetHints":{"allow":["GET"]}}],"collection":[{"href":"https:\/\/podwojneskrzydla.org\/index.php\/wp-json\/wp\/v2\/pages"}],"about":[{"href":"https:\/\/podwojneskrzydla.org\/index.php\/wp-json\/wp\/v2\/types\/page"}],"author":[{"embeddable":true,"href":"https:\/\/podwojneskrzydla.org\/index.php\/wp-json\/wp\/v2\/users\/1"}],"replies":[{"embeddable":true,"href":"https:\/\/podwojneskrzydla.org\/index.php\/wp-json\/wp\/v2\/comments?post=51"}],"version-history":[{"count":1,"href":"https:\/\/podwojneskrzydla.org\/index.php\/wp-json\/wp\/v2\/pages\/51\/revisions"}],"predecessor-version":[{"id":52,"href":"https:\/\/podwojneskrzydla.org\/index.php\/wp-json\/wp\/v2\/pages\/51\/revisions\/52"}],"up":[{"embeddable":true,"href":"https:\/\/podwojneskrzydla.org\/index.php\/wp-json\/wp\/v2\/pages\/42"}],"wp:attachment":[{"href":"https:\/\/podwojneskrzydla.org\/index.php\/wp-json\/wp\/v2\/media?parent=51"}],"curies":[{"name":"wp","href":"https:\/\/api.w.org\/{rel}","templated":true}]}}