{"id":65,"date":"2023-03-06T10:43:04","date_gmt":"2023-03-06T10:43:04","guid":{"rendered":"https:\/\/podwojneskrzydla.org\/?page_id=65"},"modified":"2023-03-06T10:43:48","modified_gmt":"2023-03-06T10:43:48","slug":"malowanie-ciuszkow-czyli-ksiutowe-odnawianie-szafy","status":"publish","type":"page","link":"https:\/\/podwojneskrzydla.org\/index.php\/nasze-projekty\/malowanie-ciuszkow-czyli-ksiutowe-odnawianie-szafy\/","title":{"rendered":"Malowanie ciuszk\u00f3w, czyli Ksiutowe odnawianie szafy"},"content":{"rendered":"\n<p>Ulubiony podkoszulek z plam\u0105 po kawie, kt\u00f3ra nie chce sie spra\u0107?<br>Czemu by jej nie zamalowa\u0107?<br>Pu\u015bcimy wodze fantazji&nbsp;<img loading=\"lazy\" decoding=\"async\" height=\"16\" width=\"16\" alt=\"\ud83d\udcab\" src=\"https:\/\/static.xx.fbcdn.net\/images\/emoji.php\/v9\/t8c\/2\/16\/1f4ab.png\"><img loading=\"lazy\" decoding=\"async\" height=\"16\" width=\"16\" alt=\"\ud83e\uddda\u200d\u2640\ufe0f\" src=\"https:\/\/static.xx.fbcdn.net\/images\/emoji.php\/v9\/t1b\/2\/16\/1f9da_200d_2640.png\"><img loading=\"lazy\" decoding=\"async\" height=\"16\" width=\"16\" alt=\"\ud83d\udcab\" src=\"https:\/\/static.xx.fbcdn.net\/images\/emoji.php\/v9\/t8c\/2\/16\/1f4ab.png\"><br>Ubrania z naturalnych tkanin, bawe\u0142na len, jedwab&#8230;. mo\u017cna na nich stworzy\u0107 trwa\u0142e wzory i to w\u0142asnor\u0119cznie&nbsp;<img loading=\"lazy\" decoding=\"async\" height=\"16\" width=\"16\" alt=\"\ud83d\ude0a\" src=\"https:\/\/static.xx.fbcdn.net\/images\/emoji.php\/v9\/t1e\/2\/16\/1f60a.png\"><br>Zapraszamy na warsztaty do nas!<\/p>\n\n\n\n<p>Ksiuty s\u0105 kameralnym miejscem, aby nam by\u0142o wygodnie, przy naszym pi\u0119knym stole, zrobimy takie warsztaty, dla maks 5 os\u00f3b.<br>Piszcie, zapisujecie si\u0119.<\/p>\n\n\n\n<p>Obowi\u0105zuje sk\u0142adka na materia\u0142y, kt\u00f3rych b\u0119dziemy u\u017cywa\u0107:<br>farby do tkanin,<br>flamastry Posca<br>p\u0119dzelki<br>szablony<br>g\u0142adka torba bawe\u0142niana do pomalowania<br>koraliki<br>d\u017cety<\/p>\n\n\n\n<p>Je\u015bli masz ubranie wykonane z naturalnych materia\u0142\u00f3w, kt\u00f3re chcesz ozdobi\u0107, b\u0119dzie najfajniej, je\u015bli nie posiadasz takowego, mo\u017cesz malowa\u0107 po torbie, kt\u00f3ra b\u0119dzie u nas na Ciebie czeka\u0107&nbsp;<img loading=\"lazy\" decoding=\"async\" height=\"16\" width=\"16\" alt=\"\ud83d\ude42\" src=\"https:\/\/static.xx.fbcdn.net\/images\/emoji.php\/v9\/teb\/2\/16\/1f642.png\"><\/p>\n\n\n\n<p>TERMIN NAJBLI\u017bSZYCH WARSZTAT\u00d3W PODAMY 8.03.2023 roku<\/p>\n","protected":false},"excerpt":{"rendered":"<p>Ulubiony podkoszulek z plam\u0105 po kawie, kt\u00f3ra nie chce sie spra\u0107?Czemu by jej nie zamalowa\u0107?Pu\u015bcimy wodze fantazji&nbsp;Ubrania z naturalnych tkanin, bawe\u0142na len, jedwab&#8230;. mo\u017cna na nich stworzy\u0107 trwa\u0142e wzory i to w\u0142asnor\u0119cznie&nbsp;Zapraszamy na warsztaty do nas! Ksiuty s\u0105 kameralnym miejscem, aby nam by\u0142o wygodnie, przy naszym pi\u0119knym stole, zrobimy takie warsztaty, dla maks 5 os\u00f3b.Piszcie, [&hellip;]<\/p>\n","protected":false},"author":1,"featured_media":0,"parent":42,"menu_order":0,"comment_status":"closed","ping_status":"closed","template":"","meta":{"footnotes":""},"class_list":["post-65","page","type-page","status-publish","hentry"],"_links":{"self":[{"href":"https:\/\/podwojneskrzydla.org\/index.php\/wp-json\/wp\/v2\/pages\/65","targetHints":{"allow":["GET"]}}],"collection":[{"href":"https:\/\/podwojneskrzydla.org\/index.php\/wp-json\/wp\/v2\/pages"}],"about":[{"href":"https:\/\/podwojneskrzydla.org\/index.php\/wp-json\/wp\/v2\/types\/page"}],"author":[{"embeddable":true,"href":"https:\/\/podwojneskrzydla.org\/index.php\/wp-json\/wp\/v2\/users\/1"}],"replies":[{"embeddable":true,"href":"https:\/\/podwojneskrzydla.org\/index.php\/wp-json\/wp\/v2\/comments?post=65"}],"version-history":[{"count":1,"href":"https:\/\/podwojneskrzydla.org\/index.php\/wp-json\/wp\/v2\/pages\/65\/revisions"}],"predecessor-version":[{"id":66,"href":"https:\/\/podwojneskrzydla.org\/index.php\/wp-json\/wp\/v2\/pages\/65\/revisions\/66"}],"up":[{"embeddable":true,"href":"https:\/\/podwojneskrzydla.org\/index.php\/wp-json\/wp\/v2\/pages\/42"}],"wp:attachment":[{"href":"https:\/\/podwojneskrzydla.org\/index.php\/wp-json\/wp\/v2\/media?parent=65"}],"curies":[{"name":"wp","href":"https:\/\/api.w.org\/{rel}","templated":true}]}}