{"id":87,"date":"2023-08-19T12:05:03","date_gmt":"2023-08-19T12:05:03","guid":{"rendered":"https:\/\/podwojneskrzydla.org\/?page_id=87"},"modified":"2023-08-19T12:22:21","modified_gmt":"2023-08-19T12:22:21","slug":"praskie-ksiuty-na-swiecie-ulicy-stalowej","status":"publish","type":"page","link":"https:\/\/podwojneskrzydla.org\/","title":{"rendered":"Praskie Ksiuty na \u015awi\u0119cie Ulicy Stalowej"},"content":{"rendered":"\n<p>W dniach 17-18 czerwca Stowarzyszenie Podw\u00f3jne Skrzyd\u0142a zorganizowa\u0142o wydarzenie pt. &#8222;Praskie Ksiuty&#8221; na \u015awi\u0119cie Ulicy Stalowej.<br><br>By\u0142y koncerty, spotkania autorskie, warsztaty, standupy, praska gwara i malowanie na ciuszkach&#8230; a w niedziel\u0119 wraz z kupcami z Nowy Bazar R\u00f3\u017cyckiego pokazali\u015bmy Wam ciuszki z drugiego obiegu w Pokazie Mody Vintage.<br><br>Nie zabrak\u0142o te\u017c tradycyjnego Spotkania S\u0105siedzkiego na Ksiutach.<br><br>Zapraszamy do zobaczenia fotorelacji z tego wydarzenia.<br><\/p>\n\n\n\n<p><br>ZADANIE &#8222;PRASKIE KSIUTY&#8221; wsp\u00f3\u0142finansowane ze \u015brodk\u00f3w Samorz\u0105du Wojew\u00f3dztwa Mazowieckiego<\/p>\n\n\n\n<p><br><\/p>\n\n\n\n<div class=\"wp-block-cover is-light\"><span aria-hidden=\"true\" class=\"wp-block-cover__background has-background-dim\"><\/span><div class=\"wp-block-cover__inner-container is-layout-flow wp-block-cover-is-layout-flow\">\n<div class=\"wp-block-group is-vertical is-layout-flex wp-container-core-group-is-layout-fe9cc265 wp-block-group-is-layout-flex\">\n<figure class=\"wp-block-gallery has-nested-images columns-4 is-cropped wp-block-gallery-1 is-layout-flex wp-block-gallery-is-layout-flex\">\n<figure class=\"wp-block-image size-large\"><a href=\"https:\/\/podwojneskrzydla.org\/wp-content\/uploads\/2023\/08\/PRASKIE-KSIUTY-PLAKATY-rotated.jpg\"><img loading=\"lazy\" decoding=\"async\" width=\"577\" height=\"1024\" data-id=\"88\" src=\"https:\/\/podwojneskrzydla.org\/wp-content\/uploads\/2023\/08\/PRASKIE-KSIUTY-PLAKATY-577x1024.jpg\" alt=\"\" class=\"wp-image-88\" srcset=\"https:\/\/podwojneskrzydla.org\/wp-content\/uploads\/2023\/08\/PRASKIE-KSIUTY-PLAKATY-577x1024.jpg 577w, https:\/\/podwojneskrzydla.org\/wp-content\/uploads\/2023\/08\/PRASKIE-KSIUTY-PLAKATY-169x300.jpg 169w, https:\/\/podwojneskrzydla.org\/wp-content\/uploads\/2023\/08\/PRASKIE-KSIUTY-PLAKATY-768x1364.jpg 768w, https:\/\/podwojneskrzydla.org\/wp-content\/uploads\/2023\/08\/PRASKIE-KSIUTY-PLAKATY-865x1536.jpg 865w, https:\/\/podwojneskrzydla.org\/wp-content\/uploads\/2023\/08\/PRASKIE-KSIUTY-PLAKATY-1153x2048.jpg 1153w, https:\/\/podwojneskrzydla.org\/wp-content\/uploads\/2023\/08\/PRASKIE-KSIUTY-PLAKATY-rotated.jpg 1302w\" sizes=\"auto, (max-width: 577px) 100vw, 577px\" \/><\/a><\/figure>\n\n\n\n\n\n<figure class=\"wp-block-image size-large\"><a href=\"https:\/\/podwojneskrzydla.org\/wp-content\/uploads\/2023\/08\/Praskie-Ksiuty-spotkanie-autorskie2_2-scaled.jpg\"><img loading=\"lazy\" decoding=\"async\" width=\"768\" height=\"1024\" data-id=\"96\" src=\"https:\/\/podwojneskrzydla.org\/wp-content\/uploads\/2023\/08\/Praskie-Ksiuty-spotkanie-autorskie2_2-768x1024.jpg\" alt=\"\" class=\"wp-image-96\" srcset=\"https:\/\/podwojneskrzydla.org\/wp-content\/uploads\/2023\/08\/Praskie-Ksiuty-spotkanie-autorskie2_2-768x1024.jpg 768w, https:\/\/podwojneskrzydla.org\/wp-content\/uploads\/2023\/08\/Praskie-Ksiuty-spotkanie-autorskie2_2-225x300.jpg 225w, https:\/\/podwojneskrzydla.org\/wp-content\/uploads\/2023\/08\/Praskie-Ksiuty-spotkanie-autorskie2_2-1152x1536.jpg 1152w, https:\/\/podwojneskrzydla.org\/wp-content\/uploads\/2023\/08\/Praskie-Ksiuty-spotkanie-autorskie2_2-1536x2048.jpg 1536w, https:\/\/podwojneskrzydla.org\/wp-content\/uploads\/2023\/08\/Praskie-Ksiuty-spotkanie-autorskie2_2-scaled.jpg 1920w\" sizes=\"auto, (max-width: 768px) 100vw, 768px\" \/><\/a><\/figure>\n\n\n\n<figure class=\"wp-block-image size-large\"><a href=\"https:\/\/podwojneskrzydla.org\/wp-content\/uploads\/2023\/08\/Praskie-Ksiuty-spotkanie-autorskie2_3-scaled.jpg\"><img loading=\"lazy\" decoding=\"async\" width=\"768\" height=\"1024\" data-id=\"94\" src=\"https:\/\/podwojneskrzydla.org\/wp-content\/uploads\/2023\/08\/Praskie-Ksiuty-spotkanie-autorskie2_3-768x1024.jpg\" alt=\"\" class=\"wp-image-94\" srcset=\"https:\/\/podwojneskrzydla.org\/wp-content\/uploads\/2023\/08\/Praskie-Ksiuty-spotkanie-autorskie2_3-768x1024.jpg 768w, https:\/\/podwojneskrzydla.org\/wp-content\/uploads\/2023\/08\/Praskie-Ksiuty-spotkanie-autorskie2_3-225x300.jpg 225w, https:\/\/podwojneskrzydla.org\/wp-content\/uploads\/2023\/08\/Praskie-Ksiuty-spotkanie-autorskie2_3-1152x1536.jpg 1152w, https:\/\/podwojneskrzydla.org\/wp-content\/uploads\/2023\/08\/Praskie-Ksiuty-spotkanie-autorskie2_3-1536x2048.jpg 1536w, https:\/\/podwojneskrzydla.org\/wp-content\/uploads\/2023\/08\/Praskie-Ksiuty-spotkanie-autorskie2_3-scaled.jpg 1920w\" sizes=\"auto, (max-width: 768px) 100vw, 768px\" \/><\/a><\/figure>\n\n\n\n<figure class=\"wp-block-image size-large\"><a href=\"https:\/\/podwojneskrzydla.org\/wp-content\/uploads\/2023\/08\/Praskie-Ksiuty-spotkanie-sasiedzkie--scaled.jpg\"><img loading=\"lazy\" decoding=\"async\" width=\"576\" height=\"1024\" data-id=\"89\" src=\"https:\/\/podwojneskrzydla.org\/wp-content\/uploads\/2023\/08\/Praskie-Ksiuty-spotkanie-sasiedzkie--576x1024.jpg\" alt=\"\" class=\"wp-image-89\" srcset=\"https:\/\/podwojneskrzydla.org\/wp-content\/uploads\/2023\/08\/Praskie-Ksiuty-spotkanie-sasiedzkie--576x1024.jpg 576w, https:\/\/podwojneskrzydla.org\/wp-content\/uploads\/2023\/08\/Praskie-Ksiuty-spotkanie-sasiedzkie--169x300.jpg 169w, https:\/\/podwojneskrzydla.org\/wp-content\/uploads\/2023\/08\/Praskie-Ksiuty-spotkanie-sasiedzkie--768x1365.jpg 768w, https:\/\/podwojneskrzydla.org\/wp-content\/uploads\/2023\/08\/Praskie-Ksiuty-spotkanie-sasiedzkie--864x1536.jpg 864w, https:\/\/podwojneskrzydla.org\/wp-content\/uploads\/2023\/08\/Praskie-Ksiuty-spotkanie-sasiedzkie--1152x2048.jpg 1152w, https:\/\/podwojneskrzydla.org\/wp-content\/uploads\/2023\/08\/Praskie-Ksiuty-spotkanie-sasiedzkie--scaled.jpg 1440w\" sizes=\"auto, (max-width: 576px) 100vw, 576px\" \/><\/a><\/figure>\n\n\n\n<figure class=\"wp-block-image size-large\"><a href=\"https:\/\/podwojneskrzydla.org\/wp-content\/uploads\/2023\/08\/Praskie-Ksiuty-spotkanie-sasiedzkie-ze-stand-up--scaled.jpg\"><img loading=\"lazy\" decoding=\"async\" width=\"576\" height=\"1024\" data-id=\"90\" src=\"https:\/\/podwojneskrzydla.org\/wp-content\/uploads\/2023\/08\/Praskie-Ksiuty-spotkanie-sasiedzkie-ze-stand-up--576x1024.jpg\" alt=\"\" class=\"wp-image-90\" srcset=\"https:\/\/podwojneskrzydla.org\/wp-content\/uploads\/2023\/08\/Praskie-Ksiuty-spotkanie-sasiedzkie-ze-stand-up--576x1024.jpg 576w, https:\/\/podwojneskrzydla.org\/wp-content\/uploads\/2023\/08\/Praskie-Ksiuty-spotkanie-sasiedzkie-ze-stand-up--169x300.jpg 169w, https:\/\/podwojneskrzydla.org\/wp-content\/uploads\/2023\/08\/Praskie-Ksiuty-spotkanie-sasiedzkie-ze-stand-up--768x1365.jpg 768w, https:\/\/podwojneskrzydla.org\/wp-content\/uploads\/2023\/08\/Praskie-Ksiuty-spotkanie-sasiedzkie-ze-stand-up--864x1536.jpg 864w, https:\/\/podwojneskrzydla.org\/wp-content\/uploads\/2023\/08\/Praskie-Ksiuty-spotkanie-sasiedzkie-ze-stand-up--1152x2048.jpg 1152w, https:\/\/podwojneskrzydla.org\/wp-content\/uploads\/2023\/08\/Praskie-Ksiuty-spotkanie-sasiedzkie-ze-stand-up--scaled.jpg 1440w\" sizes=\"auto, (max-width: 576px) 100vw, 576px\" \/><\/a><\/figure>\n\n\n\n<figure class=\"wp-block-image size-large\"><a href=\"https:\/\/podwojneskrzydla.org\/wp-content\/uploads\/2023\/08\/Praskie-Ksiuty-warsztaty-malowanie-na-tkaninie.jpg\"><img loading=\"lazy\" decoding=\"async\" width=\"722\" height=\"1024\" data-id=\"91\" src=\"https:\/\/podwojneskrzydla.org\/wp-content\/uploads\/2023\/08\/Praskie-Ksiuty-warsztaty-malowanie-na-tkaninie-722x1024.jpg\" alt=\"\" class=\"wp-image-91\" srcset=\"https:\/\/podwojneskrzydla.org\/wp-content\/uploads\/2023\/08\/Praskie-Ksiuty-warsztaty-malowanie-na-tkaninie-722x1024.jpg 722w, https:\/\/podwojneskrzydla.org\/wp-content\/uploads\/2023\/08\/Praskie-Ksiuty-warsztaty-malowanie-na-tkaninie-212x300.jpg 212w, https:\/\/podwojneskrzydla.org\/wp-content\/uploads\/2023\/08\/Praskie-Ksiuty-warsztaty-malowanie-na-tkaninie.jpg 769w\" sizes=\"auto, (max-width: 722px) 100vw, 722px\" \/><\/a><\/figure>\n\n\n\n<figure class=\"wp-block-image size-large\"><a href=\"https:\/\/podwojneskrzydla.org\/wp-content\/uploads\/2023\/08\/Praskie-Ksiuty-warsztaty-malowanie-na-tkaninie2-scaled.jpg\"><img loading=\"lazy\" decoding=\"async\" width=\"768\" height=\"1024\" data-id=\"98\" src=\"https:\/\/podwojneskrzydla.org\/wp-content\/uploads\/2023\/08\/Praskie-Ksiuty-warsztaty-malowanie-na-tkaninie2-768x1024.jpg\" alt=\"\" class=\"wp-image-98\" srcset=\"https:\/\/podwojneskrzydla.org\/wp-content\/uploads\/2023\/08\/Praskie-Ksiuty-warsztaty-malowanie-na-tkaninie2-768x1024.jpg 768w, https:\/\/podwojneskrzydla.org\/wp-content\/uploads\/2023\/08\/Praskie-Ksiuty-warsztaty-malowanie-na-tkaninie2-225x300.jpg 225w, https:\/\/podwojneskrzydla.org\/wp-content\/uploads\/2023\/08\/Praskie-Ksiuty-warsztaty-malowanie-na-tkaninie2-1152x1536.jpg 1152w, https:\/\/podwojneskrzydla.org\/wp-content\/uploads\/2023\/08\/Praskie-Ksiuty-warsztaty-malowanie-na-tkaninie2-1536x2048.jpg 1536w, https:\/\/podwojneskrzydla.org\/wp-content\/uploads\/2023\/08\/Praskie-Ksiuty-warsztaty-malowanie-na-tkaninie2-scaled.jpg 1920w\" sizes=\"auto, (max-width: 768px) 100vw, 768px\" \/><\/a><\/figure>\n\n\n\n<figure class=\"wp-block-image size-large\"><a href=\"https:\/\/podwojneskrzydla.org\/wp-content\/uploads\/2023\/08\/Praskie-Ksiuty-warsztaty-malowanie-na-tkaninie3.jpg\"><img loading=\"lazy\" decoding=\"async\" width=\"577\" height=\"1024\" data-id=\"93\" src=\"https:\/\/podwojneskrzydla.org\/wp-content\/uploads\/2023\/08\/Praskie-Ksiuty-warsztaty-malowanie-na-tkaninie3-577x1024.jpg\" alt=\"\" class=\"wp-image-93\" srcset=\"https:\/\/podwojneskrzydla.org\/wp-content\/uploads\/2023\/08\/Praskie-Ksiuty-warsztaty-malowanie-na-tkaninie3-577x1024.jpg 577w, https:\/\/podwojneskrzydla.org\/wp-content\/uploads\/2023\/08\/Praskie-Ksiuty-warsztaty-malowanie-na-tkaninie3-169x300.jpg 169w, https:\/\/podwojneskrzydla.org\/wp-content\/uploads\/2023\/08\/Praskie-Ksiuty-warsztaty-malowanie-na-tkaninie3-768x1362.jpg 768w, https:\/\/podwojneskrzydla.org\/wp-content\/uploads\/2023\/08\/Praskie-Ksiuty-warsztaty-malowanie-na-tkaninie3-866x1536.jpg 866w, https:\/\/podwojneskrzydla.org\/wp-content\/uploads\/2023\/08\/Praskie-Ksiuty-warsztaty-malowanie-na-tkaninie3.jpg 1079w\" sizes=\"auto, (max-width: 577px) 100vw, 577px\" \/><\/a><\/figure>\n\n\n\n<figure class=\"wp-block-image size-large\"><a href=\"https:\/\/podwojneskrzydla.org\/wp-content\/uploads\/2023\/08\/Praskie-Ksiuty-warsztaty-malowanie-na-tkaninie4.jpg\"><img loading=\"lazy\" decoding=\"async\" width=\"472\" height=\"1024\" data-id=\"92\" src=\"https:\/\/podwojneskrzydla.org\/wp-content\/uploads\/2023\/08\/Praskie-Ksiuty-warsztaty-malowanie-na-tkaninie4-472x1024.jpg\" alt=\"\" class=\"wp-image-92\" srcset=\"https:\/\/podwojneskrzydla.org\/wp-content\/uploads\/2023\/08\/Praskie-Ksiuty-warsztaty-malowanie-na-tkaninie4-472x1024.jpg 472w, https:\/\/podwojneskrzydla.org\/wp-content\/uploads\/2023\/08\/Praskie-Ksiuty-warsztaty-malowanie-na-tkaninie4-138x300.jpg 138w, https:\/\/podwojneskrzydla.org\/wp-content\/uploads\/2023\/08\/Praskie-Ksiuty-warsztaty-malowanie-na-tkaninie4-768x1666.jpg 768w, https:\/\/podwojneskrzydla.org\/wp-content\/uploads\/2023\/08\/Praskie-Ksiuty-warsztaty-malowanie-na-tkaninie4-708x1536.jpg 708w, https:\/\/podwojneskrzydla.org\/wp-content\/uploads\/2023\/08\/Praskie-Ksiuty-warsztaty-malowanie-na-tkaninie4.jpg 944w\" sizes=\"auto, (max-width: 472px) 100vw, 472px\" \/><\/a><\/figure>\n\n\n\n<figure class=\"wp-block-image size-large\"><a href=\"https:\/\/podwojneskrzydla.org\/wp-content\/uploads\/2023\/08\/Praskie-Ksiuty-warsztaty-street-art--scaled.jpg\"><img loading=\"lazy\" decoding=\"async\" width=\"768\" height=\"1024\" data-id=\"97\" src=\"https:\/\/podwojneskrzydla.org\/wp-content\/uploads\/2023\/08\/Praskie-Ksiuty-warsztaty-street-art--768x1024.jpg\" alt=\"\" class=\"wp-image-97\" srcset=\"https:\/\/podwojneskrzydla.org\/wp-content\/uploads\/2023\/08\/Praskie-Ksiuty-warsztaty-street-art--768x1024.jpg 768w, https:\/\/podwojneskrzydla.org\/wp-content\/uploads\/2023\/08\/Praskie-Ksiuty-warsztaty-street-art--225x300.jpg 225w, https:\/\/podwojneskrzydla.org\/wp-content\/uploads\/2023\/08\/Praskie-Ksiuty-warsztaty-street-art--1152x1536.jpg 1152w, https:\/\/podwojneskrzydla.org\/wp-content\/uploads\/2023\/08\/Praskie-Ksiuty-warsztaty-street-art--1536x2048.jpg 1536w, https:\/\/podwojneskrzydla.org\/wp-content\/uploads\/2023\/08\/Praskie-Ksiuty-warsztaty-street-art--scaled.jpg 1920w\" sizes=\"auto, (max-width: 768px) 100vw, 768px\" \/><\/a><\/figure>\n<\/figure>\n<\/div>\n<\/div><\/div>\n","protected":false},"excerpt":{"rendered":"<p>W dniach 17-18 czerwca Stowarzyszenie Podw\u00f3jne Skrzyd\u0142a zorganizowa\u0142o wydarzenie pt. &#8222;Praskie Ksiuty&#8221; na \u015awi\u0119cie Ulicy Stalowej. By\u0142y koncerty, spotkania autorskie, warsztaty, standupy, praska gwara i malowanie na ciuszkach&#8230; a w niedziel\u0119 wraz z kupcami z Nowy Bazar R\u00f3\u017cyckiego pokazali\u015bmy Wam ciuszki z drugiego obiegu w Pokazie Mody Vintage. Nie zabrak\u0142o te\u017c tradycyjnego Spotkania S\u0105siedzkiego na [&hellip;]<\/p>\n","protected":false},"author":1,"featured_media":91,"parent":0,"menu_order":0,"comment_status":"closed","ping_status":"closed","template":"","meta":{"footnotes":""},"class_list":["post-87","page","type-page","status-publish","has-post-thumbnail","hentry"],"_links":{"self":[{"href":"https:\/\/podwojneskrzydla.org\/index.php\/wp-json\/wp\/v2\/pages\/87","targetHints":{"allow":["GET"]}}],"collection":[{"href":"https:\/\/podwojneskrzydla.org\/index.php\/wp-json\/wp\/v2\/pages"}],"about":[{"href":"https:\/\/podwojneskrzydla.org\/index.php\/wp-json\/wp\/v2\/types\/page"}],"author":[{"embeddable":true,"href":"https:\/\/podwojneskrzydla.org\/index.php\/wp-json\/wp\/v2\/users\/1"}],"replies":[{"embeddable":true,"href":"https:\/\/podwojneskrzydla.org\/index.php\/wp-json\/wp\/v2\/comments?post=87"}],"version-history":[{"count":7,"href":"https:\/\/podwojneskrzydla.org\/index.php\/wp-json\/wp\/v2\/pages\/87\/revisions"}],"predecessor-version":[{"id":105,"href":"https:\/\/podwojneskrzydla.org\/index.php\/wp-json\/wp\/v2\/pages\/87\/revisions\/105"}],"wp:featuredmedia":[{"embeddable":true,"href":"https:\/\/podwojneskrzydla.org\/index.php\/wp-json\/wp\/v2\/media\/91"}],"wp:attachment":[{"href":"https:\/\/podwojneskrzydla.org\/index.php\/wp-json\/wp\/v2\/media?parent=87"}],"curies":[{"name":"wp","href":"https:\/\/api.w.org\/{rel}","templated":true}]}}